{"id":956,"date":"2017-03-24T19:22:06","date_gmt":"2017-03-24T18:22:06","guid":{"rendered":"https:\/\/broapartments.com\/?page_id=956"},"modified":"2023-04-25T06:55:45","modified_gmt":"2023-04-25T05:55:45","slug":"buying-a-property-in-hungary","status":"publish","type":"page","link":"https:\/\/broapartments.com\/hu\/buying-a-property-in-hungary\/","title":{"rendered":"Ingatlan v\u00e1s\u00e1rl\u00e1sa Magyarorsz\u00e1gon"},"content":{"rendered":"","protected":false},"excerpt":{"rendered":"","protected":false},"author":3,"featured_media":42490,"parent":0,"menu_order":0,"comment_status":"closed","ping_status":"closed","template":"","meta":{"content-type":"","slim_seo":{"title":"Ingatlanv\u00e1s\u00e1rl\u00e1s Magyarorsz\u00e1gon - BROapartments.com","description":""},"footnotes":""},"class_list":["post-956","page","type-page","status-publish","has-post-thumbnail","hentry"],"meta_box":{"blogarchive_h1_text":"","blogarchive_h1_subtext":"","what_we_have":"","what_we_value":""},"_links":{"self":[{"href":"https:\/\/broapartments.com\/hu\/wp-json\/wp\/v2\/pages\/956","targetHints":{"allow":["GET"]}}],"collection":[{"href":"https:\/\/broapartments.com\/hu\/wp-json\/wp\/v2\/pages"}],"about":[{"href":"https:\/\/broapartments.com\/hu\/wp-json\/wp\/v2\/types\/page"}],"author":[{"embeddable":true,"href":"https:\/\/broapartments.com\/hu\/wp-json\/wp\/v2\/users\/3"}],"replies":[{"embeddable":true,"href":"https:\/\/broapartments.com\/hu\/wp-json\/wp\/v2\/comments?post=956"}],"version-history":[{"count":1,"href":"https:\/\/broapartments.com\/hu\/wp-json\/wp\/v2\/pages\/956\/revisions"}],"predecessor-version":[{"id":42491,"href":"https:\/\/broapartments.com\/hu\/wp-json\/wp\/v2\/pages\/956\/revisions\/42491"}],"wp:featuredmedia":[{"embeddable":true,"href":"https:\/\/broapartments.com\/hu\/wp-json\/wp\/v2\/media\/42490"}],"wp:attachment":[{"href":"https:\/\/broapartments.com\/hu\/wp-json\/wp\/v2\/media?parent=956"}],"curies":[{"name":"wp","href":"https:\/\/api.w.org\/{rel}","templated":true}]}}