{"id":954,"date":"2017-03-24T19:20:43","date_gmt":"2017-03-24T18:20:43","guid":{"rendered":"https:\/\/broapartments.com\/?page_id=954"},"modified":"2023-03-24T19:51:21","modified_gmt":"2023-03-24T18:51:21","slug":"property-sales","status":"publish","type":"page","link":"https:\/\/broapartments.com\/hu\/services\/property-sales\/","title":{"rendered":"Ingatlanelad\u00e1s"},"content":{"rendered":"","protected":false},"excerpt":{"rendered":"","protected":false},"author":3,"featured_media":42064,"parent":632,"menu_order":0,"comment_status":"closed","ping_status":"closed","template":"","meta":{"content-type":"","slim_seo":{"title":"Ingatlan\u00e9rt\u00e9kes\u00edt\u00e9s :: BROapartments","description":"Az ingatlanv\u00e1s\u00e1rl\u00e1s vagy -elad\u00e1s fontos hat\u00e1ssal van a j\u00f6v\u0151nkre. Ez\u00e9rt t\u00fcrelemre \u00e9s szakmai tan\u00e1csad\u00e1sra van sz\u00fcks\u00e9g."},"footnotes":""},"class_list":["post-954","page","type-page","status-publish","has-post-thumbnail","hentry"],"meta_box":{"blogarchive_h1_text":"","blogarchive_h1_subtext":"","what_we_have":"","what_we_value":""},"_links":{"self":[{"href":"https:\/\/broapartments.com\/hu\/wp-json\/wp\/v2\/pages\/954","targetHints":{"allow":["GET"]}}],"collection":[{"href":"https:\/\/broapartments.com\/hu\/wp-json\/wp\/v2\/pages"}],"about":[{"href":"https:\/\/broapartments.com\/hu\/wp-json\/wp\/v2\/types\/page"}],"author":[{"embeddable":true,"href":"https:\/\/broapartments.com\/hu\/wp-json\/wp\/v2\/users\/3"}],"replies":[{"embeddable":true,"href":"https:\/\/broapartments.com\/hu\/wp-json\/wp\/v2\/comments?post=954"}],"version-history":[{"count":1,"href":"https:\/\/broapartments.com\/hu\/wp-json\/wp\/v2\/pages\/954\/revisions"}],"predecessor-version":[{"id":42075,"href":"https:\/\/broapartments.com\/hu\/wp-json\/wp\/v2\/pages\/954\/revisions\/42075"}],"up":[{"embeddable":true,"href":"https:\/\/broapartments.com\/hu\/wp-json\/wp\/v2\/pages\/632"}],"wp:featuredmedia":[{"embeddable":true,"href":"https:\/\/broapartments.com\/hu\/wp-json\/wp\/v2\/media\/42064"}],"wp:attachment":[{"href":"https:\/\/broapartments.com\/hu\/wp-json\/wp\/v2\/media?parent=954"}],"curies":[{"name":"wp","href":"https:\/\/api.w.org\/{rel}","templated":true}]}}