{"id":892,"date":"2017-03-24T02:15:10","date_gmt":"2017-03-24T01:15:10","guid":{"rendered":"https:\/\/broapartments.com\/?page_id=892"},"modified":"2023-03-24T19:52:00","modified_gmt":"2023-03-24T18:52:00","slug":"property-rental","status":"publish","type":"page","link":"https:\/\/broapartments.com\/hu\/services\/property-rental\/","title":{"rendered":"Ingatlan b\u00e9rl\u00e9se"},"content":{"rendered":"","protected":false},"excerpt":{"rendered":"","protected":false},"author":3,"featured_media":42064,"parent":632,"menu_order":0,"comment_status":"closed","ping_status":"closed","template":"","meta":{"content-type":"","slim_seo":{"title":"Ingatlan b\u00e9rbead\u00e1s :: BROapartments","description":"Ha Budapesten szeretne lak\u00e1st b\u00e9relni, vagy saj\u00e1t ingatlan\u00e1t tervezi kiadni, megb\u00edzhat\u00f3 \u00e9s profi k\u00f6zvet\u00edt\u0151kre van sz\u00fcks\u00e9ge."},"footnotes":""},"class_list":["post-892","page","type-page","status-publish","has-post-thumbnail","hentry"],"meta_box":{"blogarchive_h1_text":"","blogarchive_h1_subtext":"","what_we_have":"","what_we_value":""},"_links":{"self":[{"href":"https:\/\/broapartments.com\/hu\/wp-json\/wp\/v2\/pages\/892","targetHints":{"allow":["GET"]}}],"collection":[{"href":"https:\/\/broapartments.com\/hu\/wp-json\/wp\/v2\/pages"}],"about":[{"href":"https:\/\/broapartments.com\/hu\/wp-json\/wp\/v2\/types\/page"}],"author":[{"embeddable":true,"href":"https:\/\/broapartments.com\/hu\/wp-json\/wp\/v2\/users\/3"}],"replies":[{"embeddable":true,"href":"https:\/\/broapartments.com\/hu\/wp-json\/wp\/v2\/comments?post=892"}],"version-history":[{"count":2,"href":"https:\/\/broapartments.com\/hu\/wp-json\/wp\/v2\/pages\/892\/revisions"}],"predecessor-version":[{"id":42076,"href":"https:\/\/broapartments.com\/hu\/wp-json\/wp\/v2\/pages\/892\/revisions\/42076"}],"up":[{"embeddable":true,"href":"https:\/\/broapartments.com\/hu\/wp-json\/wp\/v2\/pages\/632"}],"wp:featuredmedia":[{"embeddable":true,"href":"https:\/\/broapartments.com\/hu\/wp-json\/wp\/v2\/media\/42064"}],"wp:attachment":[{"href":"https:\/\/broapartments.com\/hu\/wp-json\/wp\/v2\/media?parent=892"}],"curies":[{"name":"wp","href":"https:\/\/api.w.org\/{rel}","templated":true}]}}