{"id":637,"date":"2017-03-20T08:45:43","date_gmt":"2017-03-20T07:45:43","guid":{"rendered":"https:\/\/broapartments.com\/?page_id=637"},"modified":"2023-03-24T19:50:03","modified_gmt":"2023-03-24T18:50:03","slug":"property-management","status":"publish","type":"page","link":"https:\/\/broapartments.com\/hu\/services\/property-management\/","title":{"rendered":"Ingatlankezel\u00e9s"},"content":{"rendered":"","protected":false},"excerpt":{"rendered":"","protected":false},"author":32,"featured_media":42064,"parent":632,"menu_order":0,"comment_status":"closed","ping_status":"closed","template":"","meta":{"content-type":"","slim_seo":{"title":"Ingatlankezel\u00e9s :: BROapartments","description":"Nem neh\u00e9z feladat sz\u00e1munkra, hogy az \u00d6n hely\u00e9be k\u00e9pzelj\u00fck magunkat, \u00e9s r\u00e1j\u00f6jj\u00fcnk, hogy tulajdonosk\u00e9nt \u00d6nnek egy megb\u00edzhat\u00f3 partnerre van sz\u00fcks\u00e9ge, aki kiemelten kezeli ingatlan\u00e1t Budapesten."},"footnotes":""},"class_list":["post-637","page","type-page","status-publish","has-post-thumbnail","hentry"],"meta_box":{"blogarchive_h1_text":"","blogarchive_h1_subtext":"","what_we_have":"","what_we_value":""},"_links":{"self":[{"href":"https:\/\/broapartments.com\/hu\/wp-json\/wp\/v2\/pages\/637","targetHints":{"allow":["GET"]}}],"collection":[{"href":"https:\/\/broapartments.com\/hu\/wp-json\/wp\/v2\/pages"}],"about":[{"href":"https:\/\/broapartments.com\/hu\/wp-json\/wp\/v2\/types\/page"}],"author":[{"embeddable":true,"href":"https:\/\/broapartments.com\/hu\/wp-json\/wp\/v2\/users\/32"}],"replies":[{"embeddable":true,"href":"https:\/\/broapartments.com\/hu\/wp-json\/wp\/v2\/comments?post=637"}],"version-history":[{"count":1,"href":"https:\/\/broapartments.com\/hu\/wp-json\/wp\/v2\/pages\/637\/revisions"}],"predecessor-version":[{"id":42073,"href":"https:\/\/broapartments.com\/hu\/wp-json\/wp\/v2\/pages\/637\/revisions\/42073"}],"up":[{"embeddable":true,"href":"https:\/\/broapartments.com\/hu\/wp-json\/wp\/v2\/pages\/632"}],"wp:featuredmedia":[{"embeddable":true,"href":"https:\/\/broapartments.com\/hu\/wp-json\/wp\/v2\/media\/42064"}],"wp:attachment":[{"href":"https:\/\/broapartments.com\/hu\/wp-json\/wp\/v2\/media?parent=637"}],"curies":[{"name":"wp","href":"https:\/\/api.w.org\/{rel}","templated":true}]}}