{"id":48105,"date":"2024-03-20T11:45:42","date_gmt":"2024-03-20T10:45:42","guid":{"rendered":"https:\/\/broapartments.com\/?page_id=48105"},"modified":"2024-03-20T11:49:25","modified_gmt":"2024-03-20T10:49:25","slug":"registraton-of-interest","status":"publish","type":"page","link":"https:\/\/broapartments.com\/hu\/registraton-of-interest\/","title":{"rendered":"\u00c9rdekelts\u00e9gi nyilatkozat"},"content":{"rendered":"","protected":false},"excerpt":{"rendered":"","protected":false},"author":27,"featured_media":16867,"parent":0,"menu_order":0,"comment_status":"closed","ping_status":"closed","template":"","meta":{"content-type":"","slim_seo":{"title":"\u00c9rdekl\u0151d\u00e9si nyilatkozat - BROapartments.com","description":""},"footnotes":""},"class_list":["post-48105","page","type-page","status-publish","has-post-thumbnail","hentry"],"meta_box":{"blogarchive_h1_text":"","blogarchive_h1_subtext":"","what_we_have":"","what_we_value":""},"_links":{"self":[{"href":"https:\/\/broapartments.com\/hu\/wp-json\/wp\/v2\/pages\/48105","targetHints":{"allow":["GET"]}}],"collection":[{"href":"https:\/\/broapartments.com\/hu\/wp-json\/wp\/v2\/pages"}],"about":[{"href":"https:\/\/broapartments.com\/hu\/wp-json\/wp\/v2\/types\/page"}],"author":[{"embeddable":true,"href":"https:\/\/broapartments.com\/hu\/wp-json\/wp\/v2\/users\/27"}],"replies":[{"embeddable":true,"href":"https:\/\/broapartments.com\/hu\/wp-json\/wp\/v2\/comments?post=48105"}],"version-history":[{"count":1,"href":"https:\/\/broapartments.com\/hu\/wp-json\/wp\/v2\/pages\/48105\/revisions"}],"predecessor-version":[{"id":48106,"href":"https:\/\/broapartments.com\/hu\/wp-json\/wp\/v2\/pages\/48105\/revisions\/48106"}],"wp:featuredmedia":[{"embeddable":true,"href":"https:\/\/broapartments.com\/hu\/wp-json\/wp\/v2\/media\/16867"}],"wp:attachment":[{"href":"https:\/\/broapartments.com\/hu\/wp-json\/wp\/v2\/media?parent=48105"}],"curies":[{"name":"wp","href":"https:\/\/api.w.org\/{rel}","templated":true}]}}