{"id":43775,"date":"2023-07-10T12:03:29","date_gmt":"2023-07-10T11:03:29","guid":{"rendered":"https:\/\/broapartments.com\/?page_id=43775"},"modified":"2023-07-10T12:29:25","modified_gmt":"2023-07-10T11:29:25","slug":"thank-you","status":"publish","type":"page","link":"https:\/\/broapartments.com\/hu\/thank-you\/","title":{"rendered":"K\u00f6sz\u00f6n\u00f6m."},"content":{"rendered":"","protected":false},"excerpt":{"rendered":"","protected":false},"author":27,"featured_media":42064,"parent":0,"menu_order":0,"comment_status":"closed","ping_status":"closed","template":"","meta":{"content-type":"","slim_seo":{"description":"K\u00f6sz\u00f6nj\u00fck, hogy kapcsolatba l\u00e9pett vel\u00fcnk! Hamarosan felvessz\u00fck \u00d6nnel a kapcsolatot.","title":"K\u00f6sz\u00f6nj\u00fck - BROapartments.com"},"footnotes":""},"class_list":["post-43775","page","type-page","status-publish","has-post-thumbnail","hentry"],"meta_box":{"blogarchive_h1_text":"","blogarchive_h1_subtext":"","what_we_have":"","what_we_value":""},"_links":{"self":[{"href":"https:\/\/broapartments.com\/hu\/wp-json\/wp\/v2\/pages\/43775","targetHints":{"allow":["GET"]}}],"collection":[{"href":"https:\/\/broapartments.com\/hu\/wp-json\/wp\/v2\/pages"}],"about":[{"href":"https:\/\/broapartments.com\/hu\/wp-json\/wp\/v2\/types\/page"}],"author":[{"embeddable":true,"href":"https:\/\/broapartments.com\/hu\/wp-json\/wp\/v2\/users\/27"}],"replies":[{"embeddable":true,"href":"https:\/\/broapartments.com\/hu\/wp-json\/wp\/v2\/comments?post=43775"}],"version-history":[{"count":1,"href":"https:\/\/broapartments.com\/hu\/wp-json\/wp\/v2\/pages\/43775\/revisions"}],"predecessor-version":[{"id":43776,"href":"https:\/\/broapartments.com\/hu\/wp-json\/wp\/v2\/pages\/43775\/revisions\/43776"}],"wp:featuredmedia":[{"embeddable":true,"href":"https:\/\/broapartments.com\/hu\/wp-json\/wp\/v2\/media\/42064"}],"wp:attachment":[{"href":"https:\/\/broapartments.com\/hu\/wp-json\/wp\/v2\/media?parent=43775"}],"curies":[{"name":"wp","href":"https:\/\/api.w.org\/{rel}","templated":true}]}}