{"id":43747,"date":"2023-07-06T21:12:51","date_gmt":"2023-07-06T20:12:51","guid":{"rendered":"https:\/\/broapartments.com\/?page_id=43747"},"modified":"2023-07-07T09:36:59","modified_gmt":"2023-07-07T08:36:59","slug":"invest-buy-to-let","status":"publish","type":"page","link":"https:\/\/broapartments.com\/hu\/invest-buy-to-let\/","title":{"rendered":"Invest"},"content":{"rendered":"","protected":false},"excerpt":{"rendered":"","protected":false},"author":27,"featured_media":42064,"parent":0,"menu_order":0,"comment_status":"closed","ping_status":"closed","template":"","meta":{"content-type":"","slim_seo":{"description":"Az \u00faj \u00e9p\u00edt\u00e9s\u0171 budapesti lak\u00e1sokba val\u00f3 befektet\u00e9s izgalmas lehet\u0151s\u00e9get jelent a befektet\u0151k sz\u00e1m\u00e1ra.","title":"Befektet\u00e9s - BROapartments.com"},"footnotes":""},"class_list":["post-43747","page","type-page","status-publish","has-post-thumbnail","hentry"],"meta_box":{"blogarchive_h1_text":"","blogarchive_h1_subtext":"","what_we_have":"","what_we_value":""},"_links":{"self":[{"href":"https:\/\/broapartments.com\/hu\/wp-json\/wp\/v2\/pages\/43747","targetHints":{"allow":["GET"]}}],"collection":[{"href":"https:\/\/broapartments.com\/hu\/wp-json\/wp\/v2\/pages"}],"about":[{"href":"https:\/\/broapartments.com\/hu\/wp-json\/wp\/v2\/types\/page"}],"author":[{"embeddable":true,"href":"https:\/\/broapartments.com\/hu\/wp-json\/wp\/v2\/users\/27"}],"replies":[{"embeddable":true,"href":"https:\/\/broapartments.com\/hu\/wp-json\/wp\/v2\/comments?post=43747"}],"version-history":[{"count":1,"href":"https:\/\/broapartments.com\/hu\/wp-json\/wp\/v2\/pages\/43747\/revisions"}],"predecessor-version":[{"id":43748,"href":"https:\/\/broapartments.com\/hu\/wp-json\/wp\/v2\/pages\/43747\/revisions\/43748"}],"wp:featuredmedia":[{"embeddable":true,"href":"https:\/\/broapartments.com\/hu\/wp-json\/wp\/v2\/media\/42064"}],"wp:attachment":[{"href":"https:\/\/broapartments.com\/hu\/wp-json\/wp\/v2\/media?parent=43747"}],"curies":[{"name":"wp","href":"https:\/\/api.w.org\/{rel}","templated":true}]}}