{"id":43583,"date":"2023-06-29T12:30:55","date_gmt":"2023-06-29T11:30:55","guid":{"rendered":"https:\/\/broapartments.com\/?page_id=43583"},"modified":"2023-06-30T11:31:17","modified_gmt":"2023-06-30T10:31:17","slug":"about","status":"publish","type":"page","link":"https:\/\/broapartments.com\/hu\/about\/","title":{"rendered":"R\u00f3lunk"},"content":{"rendered":"","protected":false},"excerpt":{"rendered":"","protected":false},"author":27,"featured_media":42064,"parent":0,"menu_order":0,"comment_status":"closed","ping_status":"closed","template":"","meta":{"content-type":"","slim_seo":{"description":"Ismerje meg szakemberekb\u0151l \u00e1ll\u00f3 csapatunkat, akik seg\u00edtenek \u00d6nnek megtal\u00e1lni a k\u00f6vetkez\u0151 lak\u00f3helyet vagy ingatlanlehet\u0151s\u00e9get.","title":"R\u00f3lunk - BROapartments.com"},"footnotes":""},"class_list":["post-43583","page","type-page","status-publish","has-post-thumbnail","hentry"],"meta_box":{"blogarchive_h1_text":"","blogarchive_h1_subtext":"","what_we_have":"<p style=\"text-align: center\">Passion<\/p>\n<p style=\"text-align: center\">Knowledge<\/p>\n<p style=\"text-align: center\">Understanding<\/p>\n<p style=\"text-align: center\">Customer friendly attitude<\/p>\n<p style=\"text-align: center\">Fluent in English<\/p>\n<p style=\"text-align: center\">Good communication<\/p>\n<p style=\"text-align: center\">Always available<\/p>\n<p style=\"text-align: center\">Collaborative team<\/p>\n<p style=\"text-align: center\">International relations<\/p>\n","what_we_value":"<p style=\"text-align: center\">Client's satisfaction<\/p>\n<p style=\"text-align: center\">Client's recommendation<\/p>\n<p style=\"text-align: center\">Returning customers<\/p>\n<p style=\"text-align: center\">Long-term relationships<\/p>\n<p style=\"text-align: center\">Professional development<\/p>\n<p style=\"text-align: center\">Continuous growth<\/p>\n<p style=\"text-align: center\">Reliability<\/p>\n<p style=\"text-align: center\">Trustworthiness<\/p>\n"},"_links":{"self":[{"href":"https:\/\/broapartments.com\/hu\/wp-json\/wp\/v2\/pages\/43583","targetHints":{"allow":["GET"]}}],"collection":[{"href":"https:\/\/broapartments.com\/hu\/wp-json\/wp\/v2\/pages"}],"about":[{"href":"https:\/\/broapartments.com\/hu\/wp-json\/wp\/v2\/types\/page"}],"author":[{"embeddable":true,"href":"https:\/\/broapartments.com\/hu\/wp-json\/wp\/v2\/users\/27"}],"replies":[{"embeddable":true,"href":"https:\/\/broapartments.com\/hu\/wp-json\/wp\/v2\/comments?post=43583"}],"version-history":[{"count":1,"href":"https:\/\/broapartments.com\/hu\/wp-json\/wp\/v2\/pages\/43583\/revisions"}],"predecessor-version":[{"id":43584,"href":"https:\/\/broapartments.com\/hu\/wp-json\/wp\/v2\/pages\/43583\/revisions\/43584"}],"wp:featuredmedia":[{"embeddable":true,"href":"https:\/\/broapartments.com\/hu\/wp-json\/wp\/v2\/media\/42064"}],"wp:attachment":[{"href":"https:\/\/broapartments.com\/hu\/wp-json\/wp\/v2\/media?parent=43583"}],"curies":[{"name":"wp","href":"https:\/\/api.w.org\/{rel}","templated":true}]}}