{"id":41903,"date":"2023-03-16T11:04:42","date_gmt":"2023-03-16T10:04:42","guid":{"rendered":"https:\/\/broapartments.com\/?page_id=41903"},"modified":"2023-09-19T18:22:45","modified_gmt":"2023-09-19T17:22:45","slug":"buy","status":"publish","type":"page","link":"https:\/\/broapartments.com\/hu\/buy\/","title":{"rendered":"Elad\u00f3"},"content":{"rendered":"<h2 class=\"x_ContentPasted0\">Lak\u00e1st szeretne v\u00e1s\u00e1rolni Budapesten<\/h2>","protected":false},"excerpt":{"rendered":"<p>Lak\u00e1st szeretne v\u00e1s\u00e1rolni Budapesten<\/p>","protected":false},"author":3,"featured_media":42064,"parent":0,"menu_order":0,"comment_status":"closed","ping_status":"closed","template":"","meta":{"content-type":"","slim_seo":{"title":"Elad\u00f3 :: BROapartments","description":"Lak\u00e1st szeretne v\u00e1s\u00e1rolni Budapesten"},"footnotes":""},"class_list":["post-41903","page","type-page","status-publish","has-post-thumbnail","hentry"],"meta_box":{"blogarchive_h1_text":"","blogarchive_h1_subtext":"","what_we_have":"","what_we_value":""},"_links":{"self":[{"href":"https:\/\/broapartments.com\/hu\/wp-json\/wp\/v2\/pages\/41903","targetHints":{"allow":["GET"]}}],"collection":[{"href":"https:\/\/broapartments.com\/hu\/wp-json\/wp\/v2\/pages"}],"about":[{"href":"https:\/\/broapartments.com\/hu\/wp-json\/wp\/v2\/types\/page"}],"author":[{"embeddable":true,"href":"https:\/\/broapartments.com\/hu\/wp-json\/wp\/v2\/users\/3"}],"replies":[{"embeddable":true,"href":"https:\/\/broapartments.com\/hu\/wp-json\/wp\/v2\/comments?post=41903"}],"version-history":[{"count":4,"href":"https:\/\/broapartments.com\/hu\/wp-json\/wp\/v2\/pages\/41903\/revisions"}],"predecessor-version":[{"id":45413,"href":"https:\/\/broapartments.com\/hu\/wp-json\/wp\/v2\/pages\/41903\/revisions\/45413"}],"wp:featuredmedia":[{"embeddable":true,"href":"https:\/\/broapartments.com\/hu\/wp-json\/wp\/v2\/media\/42064"}],"wp:attachment":[{"href":"https:\/\/broapartments.com\/hu\/wp-json\/wp\/v2\/media?parent=41903"}],"curies":[{"name":"wp","href":"https:\/\/api.w.org\/{rel}","templated":true}]}}