{"id":41504,"date":"2023-03-01T09:22:01","date_gmt":"2023-03-01T08:22:01","guid":{"rendered":"https:\/\/broapartments.com\/?page_id=41504"},"modified":"2023-03-01T09:23:45","modified_gmt":"2023-03-01T08:23:45","slug":"impress","status":"publish","type":"page","link":"https:\/\/broapartments.com\/hu\/impress\/","title":{"rendered":"Impresszum"},"content":{"rendered":"<div class=\"wp-block-group grid--2 stretch gap--l grid--m-1 has-global-padding is-layout-constrained wp-block-group-is-layout-constrained\">\n<div class=\"wp-block-group has-global-padding is-layout-constrained wp-block-group-is-layout-constrained\">\n<h2 class=\"wp-block-heading\" id=\"headline-12-18981\">Oldaltulajdonos<\/h2>\n\n\n\n<p><strong>BROrganization &amp; Partners Kft.&nbsp;<\/strong><br>info@brobudapest.com<br>Sz\u00e9khely: s\u00e9t\u00e1ny 8\/B. 2. emelet 215. ajt\u00f3<br>Iroda (iroda): Corvin s\u00e9t\u00e1ny 8\/B. 2. emelet 215. ajt\u00f3<\/p>\n<\/div>\n\n\n\n<div class=\"wp-block-group has-global-padding is-layout-constrained wp-block-group-is-layout-constrained\">\n<h2 class=\"wp-block-heading\" id=\"headline-14-18981\">T\u00e1rhelyszolg\u00e1ltat\u00f3<\/h2>\n\n\n\n<p><strong>Hetzner Online GmbH<\/strong><br>Industriestr. 25<br>91710 Gunzenhausen&nbsp;<br>N\u00e9metorsz\u00e1g<\/p>\n<\/div>\n<\/div>","protected":false},"excerpt":{"rendered":"<p>Siteowner BROrganization &amp; Partners Kft. info@brobudapest.comSz\u00e9khely: 1083 Budapest Corvin s\u00e9t\u00e1ny 8\/B. 2. emelet 215. ajt\u00f3Iroda (iroda): 1083 Budapest Corvin s\u00e9t\u00e1ny 8\/B. 2. emelet 215. ajt\u00f3 T\u00e1rhelyszolg\u00e1ltat\u00f3 Hetzner Online GmbHIndustriestr. 2591710 Gunzenhausen N\u00e9metorsz\u00e1g<\/p>","protected":false},"author":3,"featured_media":41505,"parent":0,"menu_order":0,"comment_status":"closed","ping_status":"closed","template":"","meta":{"content-type":"","slim_seo":{"title":"Impresszum - BROapartments.com","description":"Oldaltulajdonos BROrganization &amp; Partners Kft. info@brobudapest.com Sz\u00e9khely: 1083 Budapest Corvin s\u00e9t\u00e1ny 8\/B. 2. emelet 215. ajt\u00f3 Iroda (iroda): 1083 Buda"},"footnotes":""},"class_list":["post-41504","page","type-page","status-publish","has-post-thumbnail","hentry"],"meta_box":{"blogarchive_h1_text":"","blogarchive_h1_subtext":"","what_we_have":"","what_we_value":""},"_links":{"self":[{"href":"https:\/\/broapartments.com\/hu\/wp-json\/wp\/v2\/pages\/41504","targetHints":{"allow":["GET"]}}],"collection":[{"href":"https:\/\/broapartments.com\/hu\/wp-json\/wp\/v2\/pages"}],"about":[{"href":"https:\/\/broapartments.com\/hu\/wp-json\/wp\/v2\/types\/page"}],"author":[{"embeddable":true,"href":"https:\/\/broapartments.com\/hu\/wp-json\/wp\/v2\/users\/3"}],"replies":[{"embeddable":true,"href":"https:\/\/broapartments.com\/hu\/wp-json\/wp\/v2\/comments?post=41504"}],"version-history":[{"count":4,"href":"https:\/\/broapartments.com\/hu\/wp-json\/wp\/v2\/pages\/41504\/revisions"}],"predecessor-version":[{"id":41510,"href":"https:\/\/broapartments.com\/hu\/wp-json\/wp\/v2\/pages\/41504\/revisions\/41510"}],"wp:featuredmedia":[{"embeddable":true,"href":"https:\/\/broapartments.com\/hu\/wp-json\/wp\/v2\/media\/41505"}],"wp:attachment":[{"href":"https:\/\/broapartments.com\/hu\/wp-json\/wp\/v2\/media?parent=41504"}],"curies":[{"name":"wp","href":"https:\/\/api.w.org\/{rel}","templated":true}]}}