{"id":21284,"date":"2021-05-31T10:19:38","date_gmt":"2021-05-31T09:19:38","guid":{"rendered":"https:\/\/broapartments.com\/?page_id=21284"},"modified":"2023-03-24T19:52:38","modified_gmt":"2023-03-24T18:52:38","slug":"for-owners","status":"publish","type":"page","link":"https:\/\/broapartments.com\/hu\/for-owners\/","title":{"rendered":"Tulajdonosoknak"},"content":{"rendered":"<p>&nbsp;<\/p>","protected":false},"excerpt":{"rendered":"<p>&nbsp;<\/p>","protected":false},"author":3,"featured_media":42064,"parent":0,"menu_order":0,"comment_status":"closed","ping_status":"closed","template":"","meta":{"content-type":"","slim_seo":{"title":"Tulajdonosoknak :: BROapartments","description":"Nagyra \u00e9rt\u00e9kelj\u00fck a lehet\u0151s\u00e9get, hogy egy\u00fctt dolgozhatunk az ingatlantulajdonosokkal, \u00e9s mindent megtesz\u00fcnk, hogy min\u0151s\u00e9gi szolg\u00e1ltat\u00e1sokat ny\u00fajtsunk."},"footnotes":""},"class_list":["post-21284","page","type-page","status-publish","has-post-thumbnail","hentry"],"meta_box":{"blogarchive_h1_text":"","blogarchive_h1_subtext":"","what_we_have":"","what_we_value":""},"_links":{"self":[{"href":"https:\/\/broapartments.com\/hu\/wp-json\/wp\/v2\/pages\/21284","targetHints":{"allow":["GET"]}}],"collection":[{"href":"https:\/\/broapartments.com\/hu\/wp-json\/wp\/v2\/pages"}],"about":[{"href":"https:\/\/broapartments.com\/hu\/wp-json\/wp\/v2\/types\/page"}],"author":[{"embeddable":true,"href":"https:\/\/broapartments.com\/hu\/wp-json\/wp\/v2\/users\/3"}],"replies":[{"embeddable":true,"href":"https:\/\/broapartments.com\/hu\/wp-json\/wp\/v2\/comments?post=21284"}],"version-history":[{"count":1,"href":"https:\/\/broapartments.com\/hu\/wp-json\/wp\/v2\/pages\/21284\/revisions"}],"predecessor-version":[{"id":37562,"href":"https:\/\/broapartments.com\/hu\/wp-json\/wp\/v2\/pages\/21284\/revisions\/37562"}],"wp:featuredmedia":[{"embeddable":true,"href":"https:\/\/broapartments.com\/hu\/wp-json\/wp\/v2\/media\/42064"}],"wp:attachment":[{"href":"https:\/\/broapartments.com\/hu\/wp-json\/wp\/v2\/media?parent=21284"}],"curies":[{"name":"wp","href":"https:\/\/api.w.org\/{rel}","templated":true}]}}