{"id":19480,"date":"2021-03-03T13:36:21","date_gmt":"2021-03-03T12:36:21","guid":{"rendered":"https:\/\/broapartments.com\/?page_id=19480"},"modified":"2023-04-26T08:31:34","modified_gmt":"2023-04-26T07:31:34","slug":"all-projects","status":"publish","type":"page","link":"https:\/\/broapartments.com\/hu\/all-projects\/","title":{"rendered":"Minden beruh\u00e1z\u00e1s"},"content":{"rendered":"","protected":false},"excerpt":{"rendered":"","protected":false},"author":3,"featured_media":41979,"parent":0,"menu_order":0,"comment_status":"closed","ping_status":"closed","template":"","meta":{"content-type":"","slim_seo":{"title":"Projektek :: BROapartments.com","description":"N\u00e9zze meg az \u00f6sszes \u00e9p\u00edt\u00e9si projektet, amelyben ingatlanszervezetk\u00e9nt r\u00e9szt vesz\u00fcnk. Szerezzen betekint\u00e9st az egyed\u00fcl\u00e1ll\u00f3 lehet\u0151s\u00e9gekbe."},"footnotes":""},"class_list":["post-19480","page","type-page","status-publish","has-post-thumbnail","hentry"],"meta_box":{"blogarchive_h1_text":"","blogarchive_h1_subtext":"","what_we_have":"","what_we_value":""},"_links":{"self":[{"href":"https:\/\/broapartments.com\/hu\/wp-json\/wp\/v2\/pages\/19480","targetHints":{"allow":["GET"]}}],"collection":[{"href":"https:\/\/broapartments.com\/hu\/wp-json\/wp\/v2\/pages"}],"about":[{"href":"https:\/\/broapartments.com\/hu\/wp-json\/wp\/v2\/types\/page"}],"author":[{"embeddable":true,"href":"https:\/\/broapartments.com\/hu\/wp-json\/wp\/v2\/users\/3"}],"replies":[{"embeddable":true,"href":"https:\/\/broapartments.com\/hu\/wp-json\/wp\/v2\/comments?post=19480"}],"version-history":[{"count":1,"href":"https:\/\/broapartments.com\/hu\/wp-json\/wp\/v2\/pages\/19480\/revisions"}],"predecessor-version":[{"id":41980,"href":"https:\/\/broapartments.com\/hu\/wp-json\/wp\/v2\/pages\/19480\/revisions\/41980"}],"wp:featuredmedia":[{"embeddable":true,"href":"https:\/\/broapartments.com\/hu\/wp-json\/wp\/v2\/media\/41979"}],"wp:attachment":[{"href":"https:\/\/broapartments.com\/hu\/wp-json\/wp\/v2\/media?parent=19480"}],"curies":[{"name":"wp","href":"https:\/\/api.w.org\/{rel}","templated":true}]}}