{"id":18333,"date":"2021-02-05T10:42:59","date_gmt":"2021-02-05T09:42:59","guid":{"rendered":"https:\/\/broapartments.com\/?page_id=18333"},"modified":"2021-12-20T13:30:10","modified_gmt":"2021-12-20T12:30:10","slug":"request-price","status":"publish","type":"page","link":"https:\/\/broapartments.com\/hu\/request-price\/","title":{"rendered":"K\u00e9rjen aj\u00e1nlatot!"},"content":{"rendered":"","protected":false},"excerpt":{"rendered":"","protected":false},"author":3,"featured_media":16867,"parent":0,"menu_order":0,"comment_status":"closed","ping_status":"closed","template":"","meta":{"content-type":"","slim_seo":{"description":"\u00c9rdekli valamelyik projekt? L\u00e1togasson el oldalunkra, l\u00e9pjen vel\u00fcnk k\u00f6zvetlen\u00fcl kapcsolatba \u00e9s \u00e9rdekl\u0151dj\u00f6n az \u00e1rakr\u00f3l. Az \u0171rlapunk kit\u00f6lt\u00e9se 2 percet vesz ig\u00e9nybe.","title":"\u00c1r k\u00e9r\u00e9se - BROapartments.com"},"footnotes":""},"class_list":["post-18333","page","type-page","status-publish","has-post-thumbnail","hentry"],"meta_box":{"blogarchive_h1_text":"","blogarchive_h1_subtext":"","what_we_have":"","what_we_value":""},"_links":{"self":[{"href":"https:\/\/broapartments.com\/hu\/wp-json\/wp\/v2\/pages\/18333","targetHints":{"allow":["GET"]}}],"collection":[{"href":"https:\/\/broapartments.com\/hu\/wp-json\/wp\/v2\/pages"}],"about":[{"href":"https:\/\/broapartments.com\/hu\/wp-json\/wp\/v2\/types\/page"}],"author":[{"embeddable":true,"href":"https:\/\/broapartments.com\/hu\/wp-json\/wp\/v2\/users\/3"}],"replies":[{"embeddable":true,"href":"https:\/\/broapartments.com\/hu\/wp-json\/wp\/v2\/comments?post=18333"}],"version-history":[{"count":0,"href":"https:\/\/broapartments.com\/hu\/wp-json\/wp\/v2\/pages\/18333\/revisions"}],"wp:featuredmedia":[{"embeddable":true,"href":"https:\/\/broapartments.com\/hu\/wp-json\/wp\/v2\/media\/16867"}],"wp:attachment":[{"href":"https:\/\/broapartments.com\/hu\/wp-json\/wp\/v2\/media?parent=18333"}],"curies":[{"name":"wp","href":"https:\/\/api.w.org\/{rel}","templated":true}]}}