{"id":11346,"date":"2020-11-22T18:42:27","date_gmt":"2020-11-22T17:42:27","guid":{"rendered":"https:\/\/broapartments.com\/1596612241205\/?page_id=11346"},"modified":"2023-09-19T18:24:29","modified_gmt":"2023-09-19T17:24:29","slug":"for-rent","status":"publish","type":"page","link":"https:\/\/broapartments.com\/hu\/for-rent\/","title":{"rendered":"Kiad\u00f3"},"content":{"rendered":"<h2 class=\"x_elementToProof x_ContentPasted0\">Lak\u00e1sb\u00e9rl\u00e9s Budapesten, Magyarorsz\u00e1gon<\/h2>","protected":false},"excerpt":{"rendered":"<p>Lak\u00e1sb\u00e9rl\u00e9s Budapesten, Magyarorsz\u00e1gon<\/p>","protected":false},"author":3,"featured_media":42062,"parent":0,"menu_order":0,"comment_status":"closed","ping_status":"closed","template":"","meta":{"content-type":"","slim_seo":{"title":"Kiad\u00f3 :: BROapartmanok","description":"Lak\u00e1sb\u00e9rl\u00e9s Budapesten, Magyarorsz\u00e1gon"},"footnotes":""},"class_list":["post-11346","page","type-page","status-publish","has-post-thumbnail","hentry"],"meta_box":{"blogarchive_h1_text":"","blogarchive_h1_subtext":"","what_we_have":"","what_we_value":""},"_links":{"self":[{"href":"https:\/\/broapartments.com\/hu\/wp-json\/wp\/v2\/pages\/11346","targetHints":{"allow":["GET"]}}],"collection":[{"href":"https:\/\/broapartments.com\/hu\/wp-json\/wp\/v2\/pages"}],"about":[{"href":"https:\/\/broapartments.com\/hu\/wp-json\/wp\/v2\/types\/page"}],"author":[{"embeddable":true,"href":"https:\/\/broapartments.com\/hu\/wp-json\/wp\/v2\/users\/3"}],"replies":[{"embeddable":true,"href":"https:\/\/broapartments.com\/hu\/wp-json\/wp\/v2\/comments?post=11346"}],"version-history":[{"count":5,"href":"https:\/\/broapartments.com\/hu\/wp-json\/wp\/v2\/pages\/11346\/revisions"}],"predecessor-version":[{"id":45414,"href":"https:\/\/broapartments.com\/hu\/wp-json\/wp\/v2\/pages\/11346\/revisions\/45414"}],"wp:featuredmedia":[{"embeddable":true,"href":"https:\/\/broapartments.com\/hu\/wp-json\/wp\/v2\/media\/42062"}],"wp:attachment":[{"href":"https:\/\/broapartments.com\/hu\/wp-json\/wp\/v2\/media?parent=11346"}],"curies":[{"name":"wp","href":"https:\/\/api.w.org\/{rel}","templated":true}]}}