{"id":11221,"date":"2020-11-20T10:38:42","date_gmt":"2020-11-20T09:38:42","guid":{"rendered":"https:\/\/broapartments.com\/1596612241205\/?page_id=11221"},"modified":"2023-03-27T18:21:57","modified_gmt":"2023-03-27T17:21:57","slug":"home","status":"publish","type":"page","link":"https:\/\/broapartments.com\/hu\/","title":{"rendered":"F\u0151oldal"},"content":{"rendered":"<p>&nbsp;<\/p>","protected":false},"excerpt":{"rendered":"<p>&nbsp;<\/p>","protected":false},"author":3,"featured_media":42062,"parent":0,"menu_order":0,"comment_status":"closed","ping_status":"closed","template":"","meta":{"content-type":"","slim_seo":{"title":"Tal\u00e1ld meg a helyed Budapesten :: BROapartments","description":"Tal\u00e1lja meg budapesti \u00e9letter\u00e9t a BRO-val, a v\u00e1ros felt\u00f6rekv\u0151 ingatlan\u00fcgyn\u00f6ks\u00e9g\u00e9vel."},"footnotes":""},"class_list":["post-11221","page","type-page","status-publish","has-post-thumbnail","hentry"],"meta_box":{"blogarchive_h1_text":"","blogarchive_h1_subtext":"","what_we_have":"","what_we_value":""},"_links":{"self":[{"href":"https:\/\/broapartments.com\/hu\/wp-json\/wp\/v2\/pages\/11221","targetHints":{"allow":["GET"]}}],"collection":[{"href":"https:\/\/broapartments.com\/hu\/wp-json\/wp\/v2\/pages"}],"about":[{"href":"https:\/\/broapartments.com\/hu\/wp-json\/wp\/v2\/types\/page"}],"author":[{"embeddable":true,"href":"https:\/\/broapartments.com\/hu\/wp-json\/wp\/v2\/users\/3"}],"replies":[{"embeddable":true,"href":"https:\/\/broapartments.com\/hu\/wp-json\/wp\/v2\/comments?post=11221"}],"version-history":[{"count":1,"href":"https:\/\/broapartments.com\/hu\/wp-json\/wp\/v2\/pages\/11221\/revisions"}],"predecessor-version":[{"id":37563,"href":"https:\/\/broapartments.com\/hu\/wp-json\/wp\/v2\/pages\/11221\/revisions\/37563"}],"wp:featuredmedia":[{"embeddable":true,"href":"https:\/\/broapartments.com\/hu\/wp-json\/wp\/v2\/media\/42062"}],"wp:attachment":[{"href":"https:\/\/broapartments.com\/hu\/wp-json\/wp\/v2\/media?parent=11221"}],"curies":[{"name":"wp","href":"https:\/\/api.w.org\/{rel}","templated":true}]}}